{"id":25632,"date":"2022-03-15T17:21:41","date_gmt":"2022-03-15T14:21:41","guid":{"rendered":"https:\/\/www.themulberrycollection.com\/?page_id=25632"},"modified":"2025-06-01T05:37:24","modified_gmt":"2025-06-01T02:37:24","slug":"rezervasyon-kosullari","status":"publish","type":"page","link":"https:\/\/www.themulberrycollection.com\/tr\/rezervasyon-kosullari\/","title":{"rendered":"Rezervasyon Ko\u015fullar\u0131"},"content":{"rendered":"\t\t<div data-elementor-type=\"wp-page\" data-elementor-id=\"25632\" class=\"elementor elementor-25632 elementor-14541\">\n\t\t\t\t\t\t<section class=\"elementor-section elementor-top-section elementor-element elementor-element-55a05e25 elementor-section-boxed elementor-section-height-default elementor-section-height-default\" data-id=\"55a05e25\" data-element_type=\"section\" data-e-type=\"section\">\n\t\t\t\t\t\t<div class=\"elementor-container elementor-column-gap-default\">\n\t\t\t\t\t<div class=\"elementor-column elementor-col-100 elementor-top-column elementor-element elementor-element-28889ffe\" data-id=\"28889ffe\" data-element_type=\"column\" data-e-type=\"column\">\n\t\t\t<div class=\"elementor-widget-wrap elementor-element-populated\">\n\t\t\t\t\t\t<div class=\"elementor-element elementor-element-609d5568 elementor-widget elementor-widget-text-editor\" data-id=\"609d5568\" data-element_type=\"widget\" data-e-type=\"widget\" data-widget_type=\"text-editor.default\">\n\t\t\t\t\t\t\t\t\t<h1>\u0130lk Talebiniz<\/h1><p>Web sitemiz portf\u00f6y\u00fcm\u00fcz ve ilgili hizmetler hakk\u0131nda detayl\u0131 bilgi i\u00e7ermektedir. Hizmetimiz sadece bir tatil olmaktan biraz daha fazlas\u0131 oldu\u011fundan, bilin\u00e7li olarak \u00e7evrimi\u00e7i rezervasyon imkan\u0131 sa\u011flam\u0131yoruz. Felsefemizin temelinde ekibimizin portf\u00f6y\u00fcm\u00fcz ve b\u00f6lgeler hakk\u0131nda derin bilgiye sahip olmas\u0131 vard\u0131r. Tatil ve hizmet se\u00e7imlerinizin en iyi \u015fekilde olmas\u0131n\u0131 sa\u011flamak i\u00e7in tutkulu bir \u015fekilde en iyi tavsiyeyi alman\u0131z gerekti\u011fine inan\u0131yoruz.<\/p>\t\t\t\t\t\t\t\t<\/div>\n\t\t\t\t<div class=\"elementor-element elementor-element-e0410f5 elementor-widget-divider--view-line elementor-widget elementor-widget-divider\" data-id=\"e0410f5\" data-element_type=\"widget\" data-e-type=\"widget\" data-widget_type=\"divider.default\">\n\t\t\t\t\t\t\t<div class=\"elementor-divider\">\n\t\t\t<span class=\"elementor-divider-separator\">\n\t\t\t\t\t\t<\/span>\n\t\t<\/div>\n\t\t\t\t\t\t<\/div>\n\t\t\t\t\t<\/div>\n\t\t<\/div>\n\t\t\t\t\t<\/div>\n\t\t<\/section>\n\t\t\t\t<section class=\"elementor-section elementor-top-section elementor-element elementor-element-0b8f619 elementor-section-boxed elementor-section-height-default elementor-section-height-default\" data-id=\"0b8f619\" data-element_type=\"section\" data-e-type=\"section\">\n\t\t\t\t\t\t<div class=\"elementor-container elementor-column-gap-default\">\n\t\t\t\t\t<div class=\"elementor-column elementor-col-50 elementor-top-column elementor-element elementor-element-2ff5c8a\" data-id=\"2ff5c8a\" data-element_type=\"column\" data-e-type=\"column\">\n\t\t\t<div class=\"elementor-widget-wrap elementor-element-populated\">\n\t\t\t\t\t\t<div class=\"elementor-element elementor-element-47fe4a5 elementor-widget elementor-widget-heading\" data-id=\"47fe4a5\" data-element_type=\"widget\" data-e-type=\"widget\" data-widget_type=\"heading.default\">\n\t\t\t\t\t<h3 class=\"elementor-heading-title elementor-size-medium\">Bu ama\u00e7la, tatil se\u00e7iminizi tercih etti\u011finiz \u015fekilde g\u00f6r\u00fc\u015fmekten memnuniyet duyar\u0131z:<\/h3>\t\t\t\t<\/div>\n\t\t\t\t\t<\/div>\n\t\t<\/div>\n\t\t\t\t<div class=\"elementor-column elementor-col-50 elementor-top-column elementor-element elementor-element-e095a38\" data-id=\"e095a38\" data-element_type=\"column\" data-e-type=\"column\">\n\t\t\t<div class=\"elementor-widget-wrap elementor-element-populated\">\n\t\t\t\t\t\t<div class=\"elementor-element elementor-element-8c37483 elementor-widget elementor-widget-text-editor\" data-id=\"8c37483\" data-element_type=\"widget\" data-e-type=\"widget\" data-widget_type=\"text-editor.default\">\n\t\t\t\t\t\t\t\t\t<p>Rezervasyon ekibini aray\u0131n: +90 242 606 1997<\/p><p>Whatsapp: +90 242 606 1997<\/p><p>E-mail: bookings@kalkanvillas.com<\/p>\t\t\t\t\t\t\t\t<\/div>\n\t\t\t\t\t<\/div>\n\t\t<\/div>\n\t\t\t\t\t<\/div>\n\t\t<\/section>\n\t\t\t\t<section class=\"elementor-section elementor-top-section elementor-element elementor-element-7b28449 elementor-section-boxed elementor-section-height-default elementor-section-height-default\" data-id=\"7b28449\" data-element_type=\"section\" data-e-type=\"section\">\n\t\t\t\t\t\t<div class=\"elementor-container elementor-column-gap-default\">\n\t\t\t\t\t<div class=\"elementor-column elementor-col-100 elementor-top-column elementor-element elementor-element-849a72d\" data-id=\"849a72d\" data-element_type=\"column\" data-e-type=\"column\">\n\t\t\t<div class=\"elementor-widget-wrap elementor-element-populated\">\n\t\t\t\t\t\t<div class=\"elementor-element elementor-element-ba04e07 elementor-widget-divider--view-line elementor-widget elementor-widget-divider\" data-id=\"ba04e07\" data-element_type=\"widget\" data-e-type=\"widget\" data-widget_type=\"divider.default\">\n\t\t\t\t\t\t\t<div class=\"elementor-divider\">\n\t\t\t<span class=\"elementor-divider-separator\">\n\t\t\t\t\t\t<\/span>\n\t\t<\/div>\n\t\t\t\t\t\t<\/div>\n\t\t\t\t<div class=\"elementor-element elementor-element-88c032f elementor-widget elementor-widget-text-editor\" data-id=\"88c032f\" data-element_type=\"widget\" data-e-type=\"widget\" data-widget_type=\"text-editor.default\">\n\t\t\t\t\t\t\t\t\t<p>Pazartesi-Cuma 09:00 &#8211; 17:00 aras\u0131, Cumartesi 10:00 &#8211; 14:00 aras\u0131 hizmet vermekteyiz, bu saatler d\u0131\u015f\u0131nda e-posta ile ula\u015f\u0131labiliriz.<\/p>\t\t\t\t\t\t\t\t<\/div>\n\t\t\t\t\t<\/div>\n\t\t<\/div>\n\t\t\t\t\t<\/div>\n\t\t<\/section>\n\t\t\t\t<section class=\"elementor-section elementor-top-section elementor-element elementor-element-cbc18a6 elementor-section-boxed elementor-section-height-default elementor-section-height-default\" data-id=\"cbc18a6\" data-element_type=\"section\" data-e-type=\"section\">\n\t\t\t\t\t\t<div class=\"elementor-container elementor-column-gap-default\">\n\t\t\t\t\t<div class=\"elementor-column elementor-col-100 elementor-top-column elementor-element elementor-element-b666dde\" data-id=\"b666dde\" data-element_type=\"column\" data-e-type=\"column\">\n\t\t\t<div class=\"elementor-widget-wrap elementor-element-populated\">\n\t\t\t\t\t\t<div class=\"elementor-element elementor-element-076c0ee elementor-widget elementor-widget-text-editor\" data-id=\"076c0ee\" data-element_type=\"widget\" data-e-type=\"widget\" data-widget_type=\"text-editor.default\">\n\t\t\t\t\t\t\t\t\t<h5>Se\u00e7enekler<\/h5> Planlar\u0131n\u0131z\u0131 netle\u015ftirirken, bir rezervasyon i\u00e7in iki i\u015f g\u00fcn\u00fc (ertesi y\u0131l i\u00e7in \u00fc\u00e7 g\u00fcn) boyunca bir se\u00e7enek tutmaktan memnuniyet duyar\u0131z. \u00dc\u00e7 i\u015f g\u00fcn\u00fc sonunda t\u00fcm se\u00e7enekleri otomatik olarak serbest b\u0131rakma hakk\u0131m\u0131z\u0131 sakl\u0131 tutar\u0131z.\nSe\u00e7enekler her durumda telefon veya e-posta ile tutulabilir, ancak sadece bir referans numaras\u0131 verildi\u011finde se\u00e7enek tutulmu\u015f say\u0131l\u0131r. Portf\u00f6y\u00fcm\u00fcz\u00fc her zaman tam olarak sunabilmemiz i\u00e7in, herhangi bir nedenle rezervasyonu ilerletmeme karar\u0131 al\u0131rsan\u0131z, l\u00fctfen se\u00e7enek s\u00fcresi i\u00e7inde bizimle ileti\u015fime ge\u00e7erek se\u00e7ene\u011fi serbest b\u0131rakman\u0131z\u0131 rica ederiz.\n<br><br>\n<h5>Rezervasyon Onay\u0131<\/h5> <strong>Telefonla<\/strong> &#8211; Tatiliniz hakk\u0131nda g\u00f6r\u00fc\u015fme f\u0131rsat\u0131n\u0131 memnuniyetle kar\u015f\u0131lar\u0131z ve rezervasyonunuzu tamamlamak i\u00e7in araman\u0131z\u0131 bekleriz.\n<strong>E-posta ile<\/strong> &#8211; Rezervasyonunuzu e-posta ile yapman\u0131z da bizim i\u00e7in uygundur. Al\u0131nd\u0131\u011f\u0131nda, tatil se\u00e7iminizi g\u00f6r\u00fc\u015fmek ve rezervasyonunuzu tamamlamak i\u00e7in h\u0131zl\u0131ca yan\u0131t verece\u011fiz.\n\nL\u00fctfen unutmay\u0131n: Her durumda rezervasyon, yaln\u0131zca bir Rezervasyon Numaras\u0131 verildi\u011finde onaylanm\u0131\u015f olur.\n\n<br><br>\n<h5>\u00d6deme Ko\u015fullar\u0131<\/h5> <strong>\u0130lk Rezervasyon Depozitosu:<\/strong> Rezervasyonu onaylamak i\u00e7in konaklama maliyetinin %30\u2019u oran\u0131nda bir depozito \u00f6denmelidir. %30, bu sitede sunulan konaklama maliyeti \u00fczerinden, ge\u00e7erli olabilecek herhangi bir indirim uygulanmadan hesaplan\u0131r.\n<br>\n<strong>A\u015fa\u011f\u0131daki durumlarda depozito gerekmez:<\/strong> ayn\u0131 oda veya villada kalan ekstra misafirler veya Kalkan Villas taraf\u0131ndan sa\u011flanan ek hizmetler. Ara\u00e7 kiralama gibi harici hizmetler ilgili \u015fekilde \u00f6denir.\n<br>\n<strong>Kalan \u00d6deme:<\/strong> Rezervasyonun tamam\u0131 i\u00e7in kalan tutar, var\u0131\u015ftan 8 hafta \u00f6nce tam olarak \u00f6denmelidir. Bu s\u00fcre i\u00e7inde yap\u0131lan rezervasyonlar i\u00e7in de ge\u00e7erlidir.\n<br>\n<strong>\u00d6deme:<\/strong> <strong>Banka Havalesi veya Kredi Kart\u0131 ile yap\u0131labilir.<\/strong>\n\n<strong>Visa ve MasterCard kredi kartlar\u0131n\u0131 kabul etmekteyiz.<\/strong>\n<br><br>\n<strong>Rezervasyon Formu &#038; Rezervasyon Ko\u015fullar\u0131<\/strong>\n<br>\nBir Rezervasyon Formu doldurman\u0131z gerekmemektedir. Size e-posta ile bir Rezervasyon Onay\u0131 g\u00f6nderece\u011fiz ve bu fatura\/onay\u0131 \u00e7ok dikkatli kontrol etmenizi isteyece\u011fiz \u00e7\u00fcnk\u00fc tatil ve seyahat belgelerinizin tam detaylar\u0131n\u0131 i\u00e7erecektir. <br><strong>L\u00fctfen dikkat edin:<\/strong> Rezervasyon yapt\u0131\u011f\u0131n\u0131zda ve ilk \u00f6demeyi ald\u0131\u011f\u0131m\u0131zda, Rezervasyon Ko\u015fullar\u0131m\u0131z\u0131 kabul etmi\u015f olursunuz.\t\t\t\t\t\t\t\t<\/div>\n\t\t\t\t\t<\/div>\n\t\t<\/div>\n\t\t\t\t\t<\/div>\n\t\t<\/section>\n\t\t\t\t<\/div>\n\t\t","protected":false},"excerpt":{"rendered":"<p>\u0130lk Talebiniz Web sitemiz portf\u00f6y\u00fcm\u00fcz ve ilgili hizmetler hakk\u0131nda detayl\u0131 bilgi i\u00e7ermektedir. Hizmetimiz sadece bir tatil olmaktan biraz daha fazlas\u0131 oldu\u011fundan, bilin\u00e7li olarak \u00e7evrimi\u00e7i rezervasyon imkan\u0131 sa\u011flam\u0131yoruz. Felsefemizin temelinde ekibimizin portf\u00f6y\u00fcm\u00fcz ve b\u00f6lgeler hakk\u0131nda derin bilgiye sahip olmas\u0131 vard\u0131r. Tatil ve hizmet se\u00e7imlerinizin en iyi \u015fekilde olmas\u0131n\u0131 sa\u011flamak i\u00e7in tutkulu bir \u015fekilde en iyi tavsiyeyi&#8230;<\/p>\n","protected":false},"author":16,"featured_media":0,"parent":0,"menu_order":0,"comment_status":"closed","ping_status":"open","template":"","meta":{"footnotes":""},"class_list":["post-25632","page","type-page","status-publish","hentry"],"_links":{"self":[{"href":"https:\/\/www.themulberrycollection.com\/tr\/wp-json\/wp\/v2\/pages\/25632","targetHints":{"allow":["GET"]}}],"collection":[{"href":"https:\/\/www.themulberrycollection.com\/tr\/wp-json\/wp\/v2\/pages"}],"about":[{"href":"https:\/\/www.themulberrycollection.com\/tr\/wp-json\/wp\/v2\/types\/page"}],"author":[{"embeddable":true,"href":"https:\/\/www.themulberrycollection.com\/tr\/wp-json\/wp\/v2\/users\/16"}],"replies":[{"embeddable":true,"href":"https:\/\/www.themulberrycollection.com\/tr\/wp-json\/wp\/v2\/comments?post=25632"}],"version-history":[{"count":13,"href":"https:\/\/www.themulberrycollection.com\/tr\/wp-json\/wp\/v2\/pages\/25632\/revisions"}],"predecessor-version":[{"id":25645,"href":"https:\/\/www.themulberrycollection.com\/tr\/wp-json\/wp\/v2\/pages\/25632\/revisions\/25645"}],"wp:attachment":[{"href":"https:\/\/www.themulberrycollection.com\/tr\/wp-json\/wp\/v2\/media?parent=25632"}],"curies":[{"name":"wp","href":"https:\/\/api.w.org\/{rel}","templated":true}]}}